{"id":72,"date":"2026-02-26T01:17:30","date_gmt":"2026-02-25T23:17:30","guid":{"rendered":"https:\/\/rahutek.ee\/?page_id=72"},"modified":"2026-04-15T15:51:12","modified_gmt":"2026-04-15T13:51:12","slug":"ceny-elektromontazha","status":"publish","type":"page","link":"https:\/\/rahutek.ee\/ee\/ceny-elektromontazha\/","title":{"rendered":"Elektripaigaldusteenuste hinnad Tallinnas \u2013 RAHUTEK hinnakiri"},"content":{"rendered":"<p class=\"has-text-color has-link-color wp-elements-65d2dbbbde4d110b502b2ef41fb2aecf\" style=\"color:#ec5d1b;font-size:clamp(15.747px, 0.984rem + ((1vw - 3.2px) * 0.86), 24px);\">Meie ettev\u00f5tte avamise auks pakume <strong><em>soodsad tingimused<\/em><\/strong> :<\/p>\n\n\n\n<p class=\"has-secondary-color has-text-color has-link-color wp-elements-67364b925828b7187a41e144dfdaf45d\" style=\"font-size:clamp(15.747px, 0.984rem + ((1vw - 3.2px) * 0.86), 24px);\">esimene kuu on k\u00f5ik p\u00f5hiteenused saadaval erihinnaga - 17 \u20ac\/tund.<\/p>\n\n\n\n<p class=\"has-secondary-color has-text-color has-link-color wp-elements-b27ae5597ea2918c871c13d412f80e03\" style=\"font-size:clamp(15.747px, 0.984rem + ((1vw - 3.2px) * 0.86), 24px);\">Pakkumine kehtib 16.04.2026-16.05.2026.<\/p>\n\n\n\n<p class=\"has-text-align-center has-secondary-color has-text-color has-link-color has-medium-font-size wp-elements-2d7e91819e354de151cd284c2ca5757a\" style=\"margin-top:var(--wp--preset--spacing--30)\"><strong>Meie peamiste teenuste loetelu:<\/strong><br><\/p>\n\n\n\n<figure class=\"wp-block-table alignwide is-style-regular\" style=\"margin-top:var(--wp--preset--spacing--20);margin-bottom:var(--wp--preset--spacing--20)\"><table class=\"has-foreground-color has-text-color has-link-color\" style=\"border-width:2px\"><thead><tr><th class=\"has-text-align-left\" data-align=\"left\">                                                 Teenindus<\/th><th class=\"has-text-align-center\" data-align=\"center\">Hind<\/th><\/tr><\/thead><tbody><tr><td class=\"has-text-align-left\" data-align=\"left\">Pistikupesade \u00fchendamine ja paigaldamine<\/td><td class=\"has-text-align-center\" data-align=\"center\"><\/td><\/tr><tr><td class=\"has-text-align-left\" data-align=\"left\">L\u00fclitite \u00fchendamine ja paigaldus<\/td><td class=\"has-text-align-center\" data-align=\"center\"><\/td><\/tr><tr><td class=\"has-text-align-left\" data-align=\"left\">Seinalambi \u00fchendamine, lambi<\/td><td class=\"has-text-align-center\" data-align=\"center\"><\/td><\/tr><tr><td class=\"has-text-align-left\" data-align=\"left\">L\u00fchtri \u00fchendamine ja paigaldamine lakke<\/td><td class=\"has-text-align-center\" data-align=\"center\"><\/td><\/tr><tr><td class=\"has-text-align-left\" data-align=\"left\">Pro\u017eektori \u00fchendamine<\/td><td class=\"has-text-align-center\" data-align=\"center\"><\/td><\/tr><tr><td class=\"has-text-align-left\" data-align=\"left\">\u00dchendusega k\u00f5ne seadistamine<\/td><td class=\"has-text-align-center\" data-align=\"center\"><\/td><\/tr><tr><td class=\"has-text-align-left\" data-align=\"left\">Masina \u00fchendamine elektrikilbi<\/td><td class=\"has-text-align-center\" data-align=\"center\"><\/td><\/tr><tr><td class=\"has-text-align-left\" data-align=\"left\">Elektrikilbi paigaldus<\/td><td class=\"has-text-align-center\" data-align=\"center\"><\/td><\/tr><tr><td class=\"has-text-align-left\" data-align=\"left\">Elektripliidi \u00fchendamine<\/td><td class=\"has-text-align-center\" data-align=\"center\"><\/td><\/tr><tr><td class=\"has-text-align-left\" data-align=\"left\">Harukarbi kokkupanek seina<\/td><td class=\"has-text-align-center\" data-align=\"center\"><\/td><\/tr><tr><td class=\"has-text-align-left\" data-align=\"left\">Grillimine juhtmestiku jaoks<\/td><td class=\"has-text-align-center\" data-align=\"center\"><\/td><\/tr><tr><td class=\"has-text-align-left\" data-align=\"left\">Pistikupesa jaoks augu puurimine<\/td><td class=\"has-text-align-center\" data-align=\"center\"><\/td><\/tr><tr><td class=\"has-text-align-left\" data-align=\"left\">Avage juhtmestik<\/td><td class=\"has-text-align-center\" data-align=\"center\"><\/td><\/tr><tr><td class=\"has-text-align-left\" data-align=\"left\">Gofreeritud juhtmestik<\/td><td class=\"has-text-align-center\" data-align=\"center\"><\/td><\/tr><tr><td class=\"has-text-align-left\" data-align=\"left\">Kaabli \u00fchendamine p\u00f5hipaneeliga<\/td><td class=\"has-text-align-center\" data-align=\"center\"><\/td><\/tr><tr><td class=\"has-text-align-left\" data-align=\"left\">Otsige peidetud elektrijuhtmeid (seintes juhtmete asukoha m\u00e4\u00e4ramine)<\/td><td class=\"has-text-align-center\" data-align=\"center\"><\/td><\/tr><\/tbody><\/table><\/figure>\n\n\n\n<p class=\"has-text-align-center has-secondary-color has-text-color has-link-color has-medium-font-size wp-elements-bc71043af6d7ec8354659f6d24aca9f2\"><strong>Lisateenused<\/strong><\/p>\n\n\n\n<figure class=\"wp-block-table alignwide\" style=\"padding-top:var(--wp--preset--spacing--20);padding-bottom:var(--wp--preset--spacing--20)\"><table class=\"has-foreground-color has-text-color has-link-color has-fixed-layout\" style=\"border-width:2px\"><tbody><tr><td class=\"has-text-align-left\" data-align=\"left\">T\u00f6\u00f6 E-R 9.00-17.00<\/td><td>tavahind 17 \u20ac\/tund<\/td><\/tr><tr><td class=\"has-text-align-left\" data-align=\"left\">T\u00f6\u00f6tab E-R 17:00-21:00<\/td><td>25 \u20ac\/tund (17 \u20ac\/tund* 1,5)<\/td><\/tr><tr><td class=\"has-text-align-left\" data-align=\"left\">N\u00e4dalavahetused ja p\u00fchad<\/td><td>kokkuleppel<\/td><\/tr><tr><td class=\"has-text-align-left\" data-align=\"left\">Kiire k\u00f5ne <\/td><td>30 \u20ac\/tund<\/td><\/tr><tr><td class=\"has-text-align-left\" data-align=\"left\">V\u00e4ljas\u00f5it Tallinna piires<\/td><td>0 \u20ac\/km<\/td><\/tr><tr><td class=\"has-text-align-left\" data-align=\"left\">V\u00e4ljas\u00f5it Harjumaa piires<\/td><td>0,5 \u20ac\/\u043a\u043c<\/td><\/tr><\/tbody><\/table><\/figure>\n\n\n\n<p class=\"has-secondary-color has-text-color has-link-color has-medium-font-size wp-elements-23c9e13ff1207e8f1b57eec9929e134f\">Tasuta konsultatsiooni saamiseks v\u00f5tke meiega \u00fchendust \u2013 aitame leida optimaalse lahenduse.<\/p>\n\n\n\n<div class=\"wp-block-buttons is-content-justification-center is-layout-flex wp-container-core-buttons-is-layout-d565fcec wp-block-buttons-is-layout-flex\" style=\"margin-top:var(--wp--preset--spacing--20);margin-bottom:var(--wp--preset--spacing--20)\">\n<div class=\"wp-block-button\"><a class=\"wp-block-button__link wp-element-button\" href=\"http:\/\/rahutek.ee\/ee\/#callback\">Hangi n\u00f5ustamist<\/a><\/div>\n<\/div>\n\n\n\n<p class=\"has-secondary-color has-text-color has-link-color has-medium-font-size wp-elements-43bcbee71dd6ab74de1b3454aee1ddee\">Teostame elektripaigaldust\u00f6id Tallinnas ja Harjumaal korteritele, eramutele ja \u00e4ripindadele. <\/p>\n\n\n\n<p class=\"has-secondary-color has-text-color has-link-color has-medium-font-size wp-elements-f352ba9b9c36e4f92d85cc559861eebc\">T\u00f6\u00f6de maksumus s\u00f5ltub projekti keerukusest, juhtmestiku seisukorrast ja t\u00f6\u00f6\u00fclesannete ulatusest.<br>Enne t\u00f6\u00f6le asumist lepime alati kokku hinna ja tingimused.<\/p>","protected":false},"excerpt":{"rendered":"<p>\u0412 \u0447\u0435\u0441\u0442\u044c \u043e\u0442\u043a\u0440\u044b\u0442\u0438\u044f \u043d\u0430\u0448\u0435\u0439 \u043a\u043e\u043c\u043f\u0430\u043d\u0438\u0438 \u043c\u044b \u043f\u0440\u0435\u0434\u043b\u0430\u0433\u0430\u0435\u043c \u0432\u044b\u0433\u043e\u0434\u043d\u044b\u0435 \u0443\u0441\u043b\u043e\u0432\u0438\u044f : \u043f\u0435\u0440\u0432\u044b\u0439 \u043c\u0435\u0441\u044f\u0446 \u0432\u0441\u0435 \u043e\u0441\u043d\u043e\u0432\u043d\u044b\u0435 \u0443\u0441\u043b\u0443\u0433\u0438 \u0434\u043e\u0441\u0442\u0443\u043f\u043d\u044b \u043f\u043e \u0441\u043f\u0435\u0446\u0438\u0430\u043b\u044c\u043d\u043e\u0439 \u0446\u0435\u043d\u0435 \u2014 17 \u20ac\/\u0447\u0430\u0441. \u041f\u0440\u0435\u0434\u043b\u043e\u0436\u0435\u043d\u0438\u0435 \u0434\u0435\u0439\u0441\u0442\u0432\u0443\u0435\u0442 \u0441 16.04.2026 \u043f\u043e 16.05.2026. \u041f\u0435\u0440\u0435\u0447\u0435\u043d\u044c \u043d\u0430\u0448\u0438\u0445 \u043e\u0441\u043d\u043e\u0432\u043d\u044b\u0445 \u0443\u0441\u043b\u0443\u0433: \u0423\u0441\u043b\u0443\u0433\u0430 \u0426\u0435\u043d\u0430 \u041f\u043e\u0434\u043a\u043b\u044e\u0447\u0435\u043d\u0438\u0435 \u0438 \u0443\u0441\u0442\u0430\u043d\u043e\u0432\u043a\u0430 \u0440\u043e\u0437\u0435\u0442\u043e\u043a \u041f\u043e\u0434\u043a\u043b\u044e\u0447\u0435\u043d\u0438\u0435 \u0438 \u0443\u0441\u0442\u0430\u043d\u043e\u0432\u043a\u0430 \u0432\u044b\u043a\u043b\u044e\u0447\u0430\u0442\u0435\u043b\u0435\u0439 \u041f\u043e\u0434\u043a\u043b\u044e\u0447\u0435\u043d\u0438\u0435 \u043d\u0430\u0441\u0442\u0435\u043d\u043d\u043e\u0433\u043e \u0441\u0432\u0435\u0442\u0438\u043b\u044c\u043d\u0438\u043a\u0430, \u0431\u0440\u0430 \u041f\u043e\u0434\u043a\u043b\u044e\u0447\u0435\u043d\u0438\u0435 \u0438 \u0443\u0441\u0442\u0430\u043d\u043e\u0432\u043a\u0430 \u043b\u044e\u0441\u0442\u0440\u044b \u043a \u043f\u043e\u0442\u043e\u043b\u043a\u0443 \u041f\u043e\u0434\u043a\u043b\u044e\u0447\u0435\u043d\u0438\u0435 \u0442\u043e\u0447\u0435\u0447\u043d\u043e\u0433\u043e \u0441\u0432\u0435\u0442\u0438\u043b\u044c\u043d\u0438\u043a\u0430 [&hellip;]<\/p>\n","protected":false},"author":1,"featured_media":0,"parent":0,"menu_order":0,"comment_status":"closed","ping_status":"closed","template":"page-with-title","meta":{"footnotes":""},"class_list":["post-72","page","type-page","status-publish","hentry"],"aioseo_notices":[],"_links":{"self":[{"href":"https:\/\/rahutek.ee\/ee\/wp-json\/wp\/v2\/pages\/72","targetHints":{"allow":["GET"]}}],"collection":[{"href":"https:\/\/rahutek.ee\/ee\/wp-json\/wp\/v2\/pages"}],"about":[{"href":"https:\/\/rahutek.ee\/ee\/wp-json\/wp\/v2\/types\/page"}],"author":[{"embeddable":true,"href":"https:\/\/rahutek.ee\/ee\/wp-json\/wp\/v2\/users\/1"}],"replies":[{"embeddable":true,"href":"https:\/\/rahutek.ee\/ee\/wp-json\/wp\/v2\/comments?post=72"}],"version-history":[{"count":44,"href":"https:\/\/rahutek.ee\/ee\/wp-json\/wp\/v2\/pages\/72\/revisions"}],"predecessor-version":[{"id":812,"href":"https:\/\/rahutek.ee\/ee\/wp-json\/wp\/v2\/pages\/72\/revisions\/812"}],"wp:attachment":[{"href":"https:\/\/rahutek.ee\/ee\/wp-json\/wp\/v2\/media?parent=72"}],"curies":[{"name":"wp","href":"https:\/\/api.w.org\/{rel}","templated":true}]}}